{"id":1188,"date":"2012-09-13T23:46:21","date_gmt":"2012-09-13T21:46:21","guid":{"rendered":"http:\/\/doenges.com\/blog\/?page_id=1188"},"modified":"2020-02-23T17:43:54","modified_gmt":"2020-02-23T15:43:54","slug":"kontakt","status":"publish","type":"page","link":"https:\/\/doenges.com\/blog\/kontakt?lang=de","title":{"rendered":"Kontakt"},"content":{"rendered":"<p>Sie k\u00f6nnen dieses Formular verwenden um mit mir in Kontakt zu treten, sofern es nicht direkt das Material auf dieser Website betrifft (ich bevorzuge die Kommentar-Funktion f\u00fcr Diskussionen \u00fcber Inhalte).<\/p>\n<p>Um vertraulich zu kommunizieren, ben\u00f6tige ich Ihren PGP-Schl\u00fcssel. Ich verwende den Schl\u00fcssel\u00a0<a href=\"https:\/\/doenges.com\/christian_doenges_key.asc\" target=\"_blank\">9226\u00a0113F\u00a0CD9E\u00a028AB\u00a056FE\u00a00A78\u00a0F913\u00a0EED1\u00a03407\u00a0376A<\/a>.<\/p>\n<p><strong>Hinweis:<\/strong>\u00a0Ihre Eingaben durchlaufen einen Spam-Filter, bevor die Nachricht verschickt wird. Wenn Sie eine Fehlermeldung erhalten, hat der Filter Ihre Eingaben wahrscheinlich abgelehnt.<\/p>\n<p class=\"wpcf7-contact-form-not-found\"><strong>Error:<\/strong> Contact form not found.<\/p>\n","protected":false},"excerpt":{"rendered":"<p>Sie k\u00f6nnen dieses Formular verwenden um mit mir in Kontakt zu treten, sofern es nicht direkt das Material auf dieser Website betrifft (ich bevorzuge die Kommentar-Funktion f\u00fcr Diskussionen \u00fcber Inhalte). Um vertraulich zu kommunizieren, ben\u00f6tige ich Ihren PGP-Schl\u00fcssel. Ich verwende den Schl\u00fcssel\u00a09226\u00a0113F\u00a0CD9E\u00a028AB\u00a056FE\u00a00A78\u00a0F913\u00a0EED1\u00a03407\u00a0376A. Hinweis:\u00a0Ihre Eingaben durchlaufen einen Spam-Filter, bevor die Nachricht verschickt wird. Wenn Sie eine [&hellip;]<\/p>\n","protected":false},"author":1,"featured_media":0,"parent":0,"menu_order":99,"comment_status":"closed","ping_status":"closed","template":"","meta":{"footnotes":""},"class_list":["post-1188","page","type-page","status-publish","hentry"],"_links":{"self":[{"href":"https:\/\/doenges.com\/blog\/wp-json\/wp\/v2\/pages\/1188","targetHints":{"allow":["GET"]}}],"collection":[{"href":"https:\/\/doenges.com\/blog\/wp-json\/wp\/v2\/pages"}],"about":[{"href":"https:\/\/doenges.com\/blog\/wp-json\/wp\/v2\/types\/page"}],"author":[{"embeddable":true,"href":"https:\/\/doenges.com\/blog\/wp-json\/wp\/v2\/users\/1"}],"replies":[{"embeddable":true,"href":"https:\/\/doenges.com\/blog\/wp-json\/wp\/v2\/comments?post=1188"}],"version-history":[{"count":10,"href":"https:\/\/doenges.com\/blog\/wp-json\/wp\/v2\/pages\/1188\/revisions"}],"predecessor-version":[{"id":1199,"href":"https:\/\/doenges.com\/blog\/wp-json\/wp\/v2\/pages\/1188\/revisions\/1199"}],"wp:attachment":[{"href":"https:\/\/doenges.com\/blog\/wp-json\/wp\/v2\/media?parent=1188"}],"curies":[{"name":"wp","href":"https:\/\/api.w.org\/{rel}","templated":true}]}}